{"id":85,"date":"2025-11-18T11:08:53","date_gmt":"2025-11-18T11:08:53","guid":{"rendered":"https:\/\/www.dietetyk-ewaolkowska.pl\/?page_id=85"},"modified":"2026-04-06T19:31:05","modified_gmt":"2026-04-06T19:31:05","slug":"o-mnie","status":"publish","type":"page","link":"https:\/\/www.dietetyk-ewaolkowska.pl\/?page_id=85","title":{"rendered":"O mnie"},"content":{"rendered":"\t\t<div data-elementor-type=\"wp-page\" data-elementor-id=\"85\" class=\"elementor elementor-85\">\n\t\t\t\t<div class=\"elementor-element elementor-element-40e4c30 e-flex e-con-boxed e-con e-parent\" data-id=\"40e4c30\" data-element_type=\"container\" data-e-type=\"container\" data-settings=\"{&quot;background_background&quot;:&quot;classic&quot;}\">\n\t\t\t\t\t<div class=\"e-con-inner\">\n\t\t\t\t<div class=\"elementor-element elementor-element-05916d9 elementor-widget elementor-widget-heading\" data-id=\"05916d9\" data-element_type=\"widget\" data-e-type=\"widget\" data-widget_type=\"heading.default\">\n\t\t\t\t\t<h2 class=\"elementor-heading-title elementor-size-default\">Cze\u015b\u0107, jestem Ewa<\/h2>\t\t\t\t<\/div>\n\t\t\t\t<div class=\"elementor-element elementor-element-446b047 elementor-widget elementor-widget-spacer\" data-id=\"446b047\" data-element_type=\"widget\" data-e-type=\"widget\" data-widget_type=\"spacer.default\">\n\t\t\t\t\t\t\t<div class=\"elementor-spacer\">\n\t\t\t<div class=\"elementor-spacer-inner\"><\/div>\n\t\t<\/div>\n\t\t\t\t\t\t<\/div>\n\t\t\t\t\t<\/div>\n\t\t\t\t<\/div>\n\t\t<div class=\"elementor-element elementor-element-012c576 e-flex e-con-boxed e-con e-parent\" data-id=\"012c576\" data-element_type=\"container\" data-e-type=\"container\" data-settings=\"{&quot;background_background&quot;:&quot;classic&quot;,&quot;shape_divider_top&quot;:&quot;waves&quot;}\">\n\t\t\t\t\t<div class=\"e-con-inner\">\n\t\t\t\t<div class=\"elementor-shape elementor-shape-top\" aria-hidden=\"true\" data-negative=\"false\">\n\t\t\t<svg xmlns=\"http:\/\/www.w3.org\/2000\/svg\" viewBox=\"0 0 1000 100\" preserveAspectRatio=\"none\">\n\t<path class=\"elementor-shape-fill\" d=\"M421.9,6.5c22.6-2.5,51.5,0.4,75.5,5.3c23.6,4.9,70.9,23.5,100.5,35.7c75.8,32.2,133.7,44.5,192.6,49.7\n\tc23.6,2.1,48.7,3.5,103.4-2.5c54.7-6,106.2-25.6,106.2-25.6V0H0v30.3c0,0,72,32.6,158.4,30.5c39.2-0.7,92.8-6.7,134-22.4\n\tc21.2-8.1,52.2-18.2,79.7-24.2C399.3,7.9,411.6,7.5,421.9,6.5z\"\/>\n<\/svg>\t\t<\/div>\n\t\t<div class=\"elementor-element elementor-element-6ce8711 e-con-full e-flex e-con e-child\" data-id=\"6ce8711\" data-element_type=\"container\" data-e-type=\"container\">\n\t\t\t\t<div class=\"elementor-element elementor-element-c2af6bb elementor-widget__width-initial elementor-widget elementor-widget-image\" data-id=\"c2af6bb\" data-element_type=\"widget\" data-e-type=\"widget\" data-widget_type=\"image.default\">\n\t\t\t\t\t\t\t\t\t\t\t\t\t\t\t<img fetchpriority=\"high\" decoding=\"async\" width=\"1707\" height=\"2560\" src=\"https:\/\/www.dietetyk-ewaolkowska.pl\/wp-content\/uploads\/2025\/12\/3U5A8041-scaled.jpg\" class=\"attachment-full size-full wp-image-271\" alt=\"\" srcset=\"https:\/\/www.dietetyk-ewaolkowska.pl\/wp-content\/uploads\/2025\/12\/3U5A8041-scaled.jpg 1707w, https:\/\/www.dietetyk-ewaolkowska.pl\/wp-content\/uploads\/2025\/12\/3U5A8041-200x300.jpg 200w, https:\/\/www.dietetyk-ewaolkowska.pl\/wp-content\/uploads\/2025\/12\/3U5A8041-683x1024.jpg 683w, https:\/\/www.dietetyk-ewaolkowska.pl\/wp-content\/uploads\/2025\/12\/3U5A8041-768x1151.jpg 768w, https:\/\/www.dietetyk-ewaolkowska.pl\/wp-content\/uploads\/2025\/12\/3U5A8041-1024x1536.jpg 1024w, https:\/\/www.dietetyk-ewaolkowska.pl\/wp-content\/uploads\/2025\/12\/3U5A8041-1366x2048.jpg 1366w, https:\/\/www.dietetyk-ewaolkowska.pl\/wp-content\/uploads\/2025\/12\/3U5A8041-1320x1979.jpg 1320w, https:\/\/www.dietetyk-ewaolkowska.pl\/wp-content\/uploads\/2025\/12\/3U5A8041-600x900.jpg 600w\" sizes=\"(max-width: 1707px) 100vw, 1707px\" \/>\t\t\t\t\t\t\t\t\t\t\t\t\t\t\t<\/div>\n\t\t\t\t<div class=\"elementor-element elementor-element-7186a78 elementor-absolute elementor-hidden-tablet elementor-hidden-mobile elementor-widget elementor-widget-image\" data-id=\"7186a78\" data-element_type=\"widget\" data-e-type=\"widget\" data-settings=\"{&quot;_position&quot;:&quot;absolute&quot;}\" data-widget_type=\"image.default\">\n\t\t\t\t\t\t\t\t\t\t\t\t\t\t\t<img decoding=\"async\" width=\"450\" height=\"529\" src=\"https:\/\/www.dietetyk-ewaolkowska.pl\/wp-content\/uploads\/2026\/01\/\u0414\u0438\u0437\u0430\u0439\u043d-\u0431\u0435\u0437-\u043d\u0430\u0437\u0432\u0430\u043d\u0438\u044f-4.png\" class=\"attachment-large size-large wp-image-383\" alt=\"\" srcset=\"https:\/\/www.dietetyk-ewaolkowska.pl\/wp-content\/uploads\/2026\/01\/\u0414\u0438\u0437\u0430\u0439\u043d-\u0431\u0435\u0437-\u043d\u0430\u0437\u0432\u0430\u043d\u0438\u044f-4.png 450w, https:\/\/www.dietetyk-ewaolkowska.pl\/wp-content\/uploads\/2026\/01\/\u0414\u0438\u0437\u0430\u0439\u043d-\u0431\u0435\u0437-\u043d\u0430\u0437\u0432\u0430\u043d\u0438\u044f-4-255x300.png 255w\" sizes=\"(max-width: 450px) 100vw, 450px\" \/>\t\t\t\t\t\t\t\t\t\t\t\t\t\t\t<\/div>\n\t\t\t\t<\/div>\n\t\t\t\t<div class=\"elementor-element elementor-element-18c37b1 elementor-widget elementor-widget-text-editor\" data-id=\"18c37b1\" data-element_type=\"widget\" data-e-type=\"widget\" data-widget_type=\"text-editor.default\">\n\t\t\t\t\t\t\t\t\t<h4><strong>Jestem dietetykiem i pomagam kobietom, kt\u00f3re zmagaj\u0105 si\u0119 z problemami hormonalnymi, dolegliwo\u015bciami jelitowymi, tr\u0105dzikiem hormonalnym oraz przewlek\u0142ym zm\u0119czeniem.&nbsp;<\/strong><\/h4>\n<p><strong><br><\/strong><\/p>\n<p><strong style=\"font-style: inherit;\">Moja droga do dietetyki zacz\u0119\u0142a si\u0119 od w\u0142asnych do\u015bwiadcze\u0144.&nbsp;Sama&nbsp;mam tendencje do zmian tr\u0105dzikowych&nbsp;i \u201eproblem\u00f3w z brzuchem\u201d.&nbsp;Przez lata&nbsp;zmaga\u0142am si\u0119 z problemami&nbsp;jelitowymi, r\u00f3wnowag\u0105 hormonaln\u0105 i kondycj\u0105 sk\u00f3ry \u2014 szukaj\u0105c przyczyn, a nie tylko dora\u017anych rozwi\u0105za\u0144.&nbsp;&nbsp;Dzi\u0119ki temu dzi\u015b doskonale rozumiem, jak frustruj\u0105ce mo\u017ce by\u0107 \u017cycie z objawami, kt\u00f3re wracaj\u0105 mimo \u201edobrych wynik\u00f3w bada\u0144\u201d.&nbsp;<\/strong><\/p>\n<p><strong>Proponowano mi&nbsp;mase&nbsp;ma\u015bci, antybiotyk\u00f3w,&nbsp;tabletki antykoncepcyjne i na koniec&nbsp;izotek. Dzi\u015b wiem, \u017ce mo\u017cna inaczej.&nbsp;Holistycznie i naturalnie. W zgodzie z ca\u0142ym organizmem.&nbsp;&nbsp;<\/strong><\/p>\n<p><strong>Swoj\u0105 wiedz\u0119 zdoby\u0142am na Uniwersytecie Przyrodniczym we Wroc\u0142awiu, a nast\u0119pnie poszerzy\u0142am j\u0105 o dietetyk\u0119 opart\u0105 na Medycynie Chi\u0144skiej oraz specjalizacj\u0119 z dietetyki klinicznej, kt\u00f3r\u0105 obecnie realizuj\u0119. \u0141\u0105cz\u0119 aktualn\u0105 wiedz\u0119 medyczn\u0105 z holistycznym podej\u015bciem do zdrowia kobiety.&nbsp;<\/strong><\/p>\t\t\t\t\t\t\t\t<\/div>\n\t\t\t\t\t<\/div>\n\t\t\t\t<\/div>\n\t\t<div class=\"elementor-element elementor-element-b1b3954 elementor-hidden-desktop e-flex e-con-boxed e-con e-parent\" data-id=\"b1b3954\" data-element_type=\"container\" data-e-type=\"container\" data-settings=\"{&quot;background_background&quot;:&quot;classic&quot;}\">\n\t\t\t\t\t<div class=\"e-con-inner\">\n\t\t\t\t<div class=\"elementor-element elementor-element-e8babc3 elementor-hidden-desktop elementor-widget elementor-widget-image\" data-id=\"e8babc3\" data-element_type=\"widget\" data-e-type=\"widget\" data-widget_type=\"image.default\">\n\t\t\t\t\t\t\t\t\t\t\t\t\t\t\t<img decoding=\"async\" width=\"683\" height=\"1024\" src=\"https:\/\/www.dietetyk-ewaolkowska.pl\/wp-content\/uploads\/2025\/12\/3U5A8642-683x1024.jpg\" class=\"attachment-large size-large wp-image-278\" alt=\"\" srcset=\"https:\/\/www.dietetyk-ewaolkowska.pl\/wp-content\/uploads\/2025\/12\/3U5A8642-683x1024.jpg 683w, https:\/\/www.dietetyk-ewaolkowska.pl\/wp-content\/uploads\/2025\/12\/3U5A8642-200x300.jpg 200w, https:\/\/www.dietetyk-ewaolkowska.pl\/wp-content\/uploads\/2025\/12\/3U5A8642-768x1152.jpg 768w, https:\/\/www.dietetyk-ewaolkowska.pl\/wp-content\/uploads\/2025\/12\/3U5A8642-1024x1536.jpg 1024w, https:\/\/www.dietetyk-ewaolkowska.pl\/wp-content\/uploads\/2025\/12\/3U5A8642-1365x2048.jpg 1365w, https:\/\/www.dietetyk-ewaolkowska.pl\/wp-content\/uploads\/2025\/12\/3U5A8642-1320x1980.jpg 1320w, https:\/\/www.dietetyk-ewaolkowska.pl\/wp-content\/uploads\/2025\/12\/3U5A8642-600x900.jpg 600w, https:\/\/www.dietetyk-ewaolkowska.pl\/wp-content\/uploads\/2025\/12\/3U5A8642-scaled.jpg 1707w\" sizes=\"(max-width: 683px) 100vw, 683px\" \/>\t\t\t\t\t\t\t\t\t\t\t\t\t\t\t<\/div>\n\t\t\t\t\t<\/div>\n\t\t\t\t<\/div>\n\t\t<div class=\"elementor-element elementor-element-ee42691 e-flex e-con-boxed e-con e-parent\" data-id=\"ee42691\" data-element_type=\"container\" data-e-type=\"container\" data-settings=\"{&quot;shape_divider_bottom&quot;:&quot;waves&quot;,&quot;background_background&quot;:&quot;classic&quot;}\">\n\t\t\t\t\t<div class=\"e-con-inner\">\n\t\t\t\t<div class=\"elementor-shape elementor-shape-bottom\" aria-hidden=\"true\" data-negative=\"false\">\n\t\t\t<svg xmlns=\"http:\/\/www.w3.org\/2000\/svg\" viewBox=\"0 0 1000 100\" preserveAspectRatio=\"none\">\n\t<path class=\"elementor-shape-fill\" d=\"M421.9,6.5c22.6-2.5,51.5,0.4,75.5,5.3c23.6,4.9,70.9,23.5,100.5,35.7c75.8,32.2,133.7,44.5,192.6,49.7\n\tc23.6,2.1,48.7,3.5,103.4-2.5c54.7-6,106.2-25.6,106.2-25.6V0H0v30.3c0,0,72,32.6,158.4,30.5c39.2-0.7,92.8-6.7,134-22.4\n\tc21.2-8.1,52.2-18.2,79.7-24.2C399.3,7.9,411.6,7.5,421.9,6.5z\"\/>\n<\/svg>\t\t<\/div>\n\t\t\t\t<div class=\"elementor-element elementor-element-5377fe7 elementor-widget elementor-widget-text-editor\" data-id=\"5377fe7\" data-element_type=\"widget\" data-e-type=\"widget\" data-widget_type=\"text-editor.default\">\n\t\t\t\t\t\t\t\t\t<p><strong>Specjalizuj\u0119 si\u0119 w obszarach, kt\u00f3re sama przerobi\u0142am na\u00a0sobie\u00a0\u00a0\u2014\u00a0dlatego mo\u017cesz mie\u0107 pewno\u015b\u0107, \u017ce pracujesz z dietetykiem, kt\u00f3ry nie tylko zna teori\u0119, ale naprawd\u0119 rozumie problemy hormonalne, jelitowe i sk\u00f3rne oraz wie, jak skutecznie nad nimi pracowa\u0107.\u00a0<\/strong><\/p><p><strong>Uwielbiam swoj\u0105 prac\u0119, poniewa\u017c mog\u0119 towarzyszy\u0107 kobietom w procesie realnej zmiany: od odzyskania energii, przez popraw\u0119 pracy jelit, po zdrowsz\u0105 sk\u00f3r\u0119 i wi\u0119ksz\u0105 pewno\u015b\u0107 siebie. Nic nie daje mi wi\u0119kszej satysfakcji ni\u017c moment, w kt\u00f3rym jedzenie przestaje powodowa\u0107 dolegliwo\u015bci jelitowe, a zaczyna wspiera\u0107 hormony i codzienne funkcjonowanie.\u00a0<\/strong><\/p><p><strong>Pracuj\u0119 w spokojnej, bezpiecznej i wspieraj\u0105cej atmosferze, dzi\u0119ki kt\u00f3rej ka\u017cda pacjentka mo\u017ce poczu\u0107 si\u0119 wys\u0142uchana i\u00a0zaopiekowana.\u00a0Dietoterapi\u0119\u00a0zawsze dobieram indywidualnie \u2014 opieraj\u0105c si\u0119 na aktualnej wiedzy z zakresu dietetyki klinicznej, sprawdzonych zaleceniach oraz elastycznym podej\u015bciu do diety.\u00a0<\/strong><\/p>\t\t\t\t\t\t\t\t<\/div>\n\t\t\t\t<div class=\"elementor-element elementor-element-2cd8f5b elementor-hidden-tablet elementor-hidden-mobile elementor-widget elementor-widget-image\" data-id=\"2cd8f5b\" data-element_type=\"widget\" data-e-type=\"widget\" data-widget_type=\"image.default\">\n\t\t\t\t\t\t\t\t\t\t\t\t\t\t\t<img loading=\"lazy\" decoding=\"async\" width=\"1707\" height=\"2560\" src=\"https:\/\/www.dietetyk-ewaolkowska.pl\/wp-content\/uploads\/2025\/12\/3U5A8642-scaled.jpg\" class=\"attachment-full size-full wp-image-278\" alt=\"\" srcset=\"https:\/\/www.dietetyk-ewaolkowska.pl\/wp-content\/uploads\/2025\/12\/3U5A8642-scaled.jpg 1707w, https:\/\/www.dietetyk-ewaolkowska.pl\/wp-content\/uploads\/2025\/12\/3U5A8642-200x300.jpg 200w, https:\/\/www.dietetyk-ewaolkowska.pl\/wp-content\/uploads\/2025\/12\/3U5A8642-683x1024.jpg 683w, https:\/\/www.dietetyk-ewaolkowska.pl\/wp-content\/uploads\/2025\/12\/3U5A8642-768x1152.jpg 768w, https:\/\/www.dietetyk-ewaolkowska.pl\/wp-content\/uploads\/2025\/12\/3U5A8642-1024x1536.jpg 1024w, https:\/\/www.dietetyk-ewaolkowska.pl\/wp-content\/uploads\/2025\/12\/3U5A8642-1365x2048.jpg 1365w, https:\/\/www.dietetyk-ewaolkowska.pl\/wp-content\/uploads\/2025\/12\/3U5A8642-1320x1980.jpg 1320w, https:\/\/www.dietetyk-ewaolkowska.pl\/wp-content\/uploads\/2025\/12\/3U5A8642-600x900.jpg 600w\" sizes=\"(max-width: 1707px) 100vw, 1707px\" \/>\t\t\t\t\t\t\t\t\t\t\t\t\t\t\t<\/div>\n\t\t\t\t\t<\/div>\n\t\t\t\t<\/div>\n\t\t<div class=\"elementor-element elementor-element-c058edb e-flex e-con-boxed e-con e-parent\" data-id=\"c058edb\" data-element_type=\"container\" data-e-type=\"container\">\n\t\t\t\t\t<div class=\"e-con-inner\">\n\t\t\t\t<div class=\"elementor-element elementor-element-7b7c266 elementor-absolute elementor-hidden-tablet elementor-hidden-mobile elementor-widget elementor-widget-image\" data-id=\"7b7c266\" data-element_type=\"widget\" data-e-type=\"widget\" data-settings=\"{&quot;_position&quot;:&quot;absolute&quot;}\" data-widget_type=\"image.default\">\n\t\t\t\t\t\t\t\t\t\t\t\t\t\t\t<img loading=\"lazy\" decoding=\"async\" width=\"450\" height=\"529\" src=\"https:\/\/www.dietetyk-ewaolkowska.pl\/wp-content\/uploads\/2026\/01\/\u0414\u0438\u0437\u0430\u0439\u043d-\u0431\u0435\u0437-\u043d\u0430\u0437\u0432\u0430\u043d\u0438\u044f-8.png\" class=\"attachment-large size-large wp-image-387\" alt=\"\" srcset=\"https:\/\/www.dietetyk-ewaolkowska.pl\/wp-content\/uploads\/2026\/01\/\u0414\u0438\u0437\u0430\u0439\u043d-\u0431\u0435\u0437-\u043d\u0430\u0437\u0432\u0430\u043d\u0438\u044f-8.png 450w, https:\/\/www.dietetyk-ewaolkowska.pl\/wp-content\/uploads\/2026\/01\/\u0414\u0438\u0437\u0430\u0439\u043d-\u0431\u0435\u0437-\u043d\u0430\u0437\u0432\u0430\u043d\u0438\u044f-8-255x300.png 255w\" sizes=\"(max-width: 450px) 100vw, 450px\" \/>\t\t\t\t\t\t\t\t\t\t\t\t\t\t\t<\/div>\n\t\t\t\t\t<\/div>\n\t\t\t\t<\/div>\n\t\t\t\t<\/div>\n\t\t","protected":false},"excerpt":{"rendered":"<p>Cze\u015b\u0107, jestem Ewa Jestem dietetykiem i pomagam kobietom, kt\u00f3re zmagaj\u0105 si\u0119 z problemami hormonalnymi, dolegliwo\u015bciami jelitowymi, tr\u0105dzikiem hormonalnym oraz przewlek\u0142ym [&hellip;]<\/p>\n","protected":false},"author":1,"featured_media":0,"parent":0,"menu_order":0,"comment_status":"closed","ping_status":"closed","template":"","meta":{"site-sidebar-layout":"no-sidebar","site-content-layout":"","ast-site-content-layout":"full-width-container","site-content-style":"default","site-sidebar-style":"default","ast-global-header-display":"","ast-banner-title-visibility":"","ast-main-header-display":"","ast-hfb-above-header-display":"","ast-hfb-below-header-display":"","ast-hfb-mobile-header-display":"","site-post-title":"disabled","ast-breadcrumbs-content":"","ast-featured-img":"disabled","footer-sml-layout":"","theme-transparent-header-meta":"","adv-header-id-meta":"","stick-header-meta":"","header-above-stick-meta":"","header-main-stick-meta":"","header-below-stick-meta":"","astra-migrate-meta-layouts":"default","ast-page-background-enabled":"default","ast-page-background-meta":{"desktop":{"background-color":"var(--ast-global-color-5)","background-image":"","background-repeat":"repeat","background-position":"center center","background-size":"auto","background-attachment":"scroll","background-type":"","background-media":"","overlay-type":"","overlay-color":"","overlay-opacity":"","overlay-gradient":""},"tablet":{"background-color":"","background-image":"","background-repeat":"repeat","background-position":"center center","background-size":"auto","background-attachment":"scroll","background-type":"","background-media":"","overlay-type":"","overlay-color":"","overlay-opacity":"","overlay-gradient":""},"mobile":{"background-color":"","background-image":"","background-repeat":"repeat","background-position":"center center","background-size":"auto","background-attachment":"scroll","background-type":"","background-media":"","overlay-type":"","overlay-color":"","overlay-opacity":"","overlay-gradient":""}},"ast-content-background-meta":{"desktop":{"background-color":"var(--ast-global-color-4)","background-image":"","background-repeat":"repeat","background-position":"center center","background-size":"auto","background-attachment":"scroll","background-type":"","background-media":"","overlay-type":"","overlay-color":"","overlay-opacity":"","overlay-gradient":""},"tablet":{"background-color":"var(--ast-global-color-4)","background-image":"","background-repeat":"repeat","background-position":"center center","background-size":"auto","background-attachment":"scroll","background-type":"","background-media":"","overlay-type":"","overlay-color":"","overlay-opacity":"","overlay-gradient":""},"mobile":{"background-color":"var(--ast-global-color-4)","background-image":"","background-repeat":"repeat","background-position":"center center","background-size":"auto","background-attachment":"scroll","background-type":"","background-media":"","overlay-type":"","overlay-color":"","overlay-opacity":"","overlay-gradient":""}},"footnotes":""},"class_list":["post-85","page","type-page","status-publish","hentry"],"yoast_head":"<!-- This site is optimized with the Yoast SEO plugin v27.1.1 - https:\/\/yoast.com\/product\/yoast-seo-wordpress\/ -->\n<title>O mnie - Ewa Olkowska \u2013 Dietetyk Kliniczny<\/title>\n<meta name=\"robots\" content=\"index, follow, max-snippet:-1, max-image-preview:large, max-video-preview:-1\" \/>\n<link rel=\"canonical\" href=\"https:\/\/www.dietetyk-ewaolkowska.pl\/?page_id=85\" \/>\n<meta property=\"og:locale\" content=\"pl_PL\" \/>\n<meta property=\"og:type\" content=\"article\" \/>\n<meta property=\"og:title\" content=\"O mnie - Ewa Olkowska \u2013 Dietetyk Kliniczny\" \/>\n<meta property=\"og:description\" content=\"Cze\u015b\u0107, jestem Ewa Jestem dietetykiem i pomagam kobietom, kt\u00f3re zmagaj\u0105 si\u0119 z problemami hormonalnymi, dolegliwo\u015bciami jelitowymi, tr\u0105dzikiem hormonalnym oraz przewlek\u0142ym [&hellip;]\" \/>\n<meta property=\"og:url\" content=\"https:\/\/www.dietetyk-ewaolkowska.pl\/?page_id=85\" \/>\n<meta property=\"og:site_name\" content=\"Ewa Olkowska \u2013 Dietetyk Kliniczny\" \/>\n<meta property=\"article:modified_time\" content=\"2026-04-06T19:31:05+00:00\" \/>\n<meta property=\"og:image\" content=\"https:\/\/www.dietetyk-ewaolkowska.pl\/wp-content\/uploads\/2025\/12\/3U5A8041-scaled.jpg\" \/>\n\t<meta property=\"og:image:width\" content=\"1707\" \/>\n\t<meta property=\"og:image:height\" content=\"2560\" \/>\n\t<meta property=\"og:image:type\" content=\"image\/jpeg\" \/>\n<meta name=\"twitter:card\" content=\"summary_large_image\" \/>\n<meta name=\"twitter:label1\" content=\"Szacowany czas czytania\" \/>\n\t<meta name=\"twitter:data1\" content=\"2 minuty\" \/>\n<script type=\"application\/ld+json\" class=\"yoast-schema-graph\">{\"@context\":\"https:\/\/schema.org\",\"@graph\":[{\"@type\":\"WebPage\",\"@id\":\"https:\/\/www.dietetyk-ewaolkowska.pl\/?page_id=85\",\"url\":\"https:\/\/www.dietetyk-ewaolkowska.pl\/?page_id=85\",\"name\":\"O mnie - Ewa Olkowska \u2013 Dietetyk Kliniczny\",\"isPartOf\":{\"@id\":\"https:\/\/www.dietetyk-ewaolkowska.pl\/#website\"},\"primaryImageOfPage\":{\"@id\":\"https:\/\/www.dietetyk-ewaolkowska.pl\/?page_id=85#primaryimage\"},\"image\":{\"@id\":\"https:\/\/www.dietetyk-ewaolkowska.pl\/?page_id=85#primaryimage\"},\"thumbnailUrl\":\"https:\/\/www.dietetyk-ewaolkowska.pl\/wp-content\/uploads\/2025\/12\/3U5A8041-scaled.jpg\",\"datePublished\":\"2025-11-18T11:08:53+00:00\",\"dateModified\":\"2026-04-06T19:31:05+00:00\",\"breadcrumb\":{\"@id\":\"https:\/\/www.dietetyk-ewaolkowska.pl\/?page_id=85#breadcrumb\"},\"inLanguage\":\"pl-PL\",\"potentialAction\":[{\"@type\":\"ReadAction\",\"target\":[\"https:\/\/www.dietetyk-ewaolkowska.pl\/?page_id=85\"]}]},{\"@type\":\"ImageObject\",\"inLanguage\":\"pl-PL\",\"@id\":\"https:\/\/www.dietetyk-ewaolkowska.pl\/?page_id=85#primaryimage\",\"url\":\"https:\/\/www.dietetyk-ewaolkowska.pl\/wp-content\/uploads\/2025\/12\/3U5A8041-scaled.jpg\",\"contentUrl\":\"https:\/\/www.dietetyk-ewaolkowska.pl\/wp-content\/uploads\/2025\/12\/3U5A8041-scaled.jpg\",\"width\":1707,\"height\":2560,\"caption\":\"Evoto\"},{\"@type\":\"BreadcrumbList\",\"@id\":\"https:\/\/www.dietetyk-ewaolkowska.pl\/?page_id=85#breadcrumb\",\"itemListElement\":[{\"@type\":\"ListItem\",\"position\":1,\"name\":\"Home\",\"item\":\"https:\/\/www.dietetyk-ewaolkowska.pl\/\"},{\"@type\":\"ListItem\",\"position\":2,\"name\":\"O mnie\"}]},{\"@type\":\"WebSite\",\"@id\":\"https:\/\/www.dietetyk-ewaolkowska.pl\/#website\",\"url\":\"https:\/\/www.dietetyk-ewaolkowska.pl\/\",\"name\":\"Ewa Olkowska \u2013 Dietetyk Kliniczny\",\"description\":\"Specjalistyczna pomoc dietetyczna, konsultacje online, plany \u017cywieniowe\",\"publisher\":{\"@id\":\"https:\/\/www.dietetyk-ewaolkowska.pl\/#\/schema\/person\/073d039e231b388bb1603d466476c327\"},\"potentialAction\":[{\"@type\":\"SearchAction\",\"target\":{\"@type\":\"EntryPoint\",\"urlTemplate\":\"https:\/\/www.dietetyk-ewaolkowska.pl\/?s={search_term_string}\"},\"query-input\":{\"@type\":\"PropertyValueSpecification\",\"valueRequired\":true,\"valueName\":\"search_term_string\"}}],\"inLanguage\":\"pl-PL\"},{\"@type\":[\"Person\",\"Organization\"],\"@id\":\"https:\/\/www.dietetyk-ewaolkowska.pl\/#\/schema\/person\/073d039e231b388bb1603d466476c327\",\"name\":\"Ewa Olkowska\",\"image\":{\"@type\":\"ImageObject\",\"inLanguage\":\"pl-PL\",\"@id\":\"https:\/\/www.dietetyk-ewaolkowska.pl\/#\/schema\/person\/image\/\",\"url\":\"https:\/\/www.dietetyk-ewaolkowska.pl\/wp-content\/uploads\/2025\/11\/Frame-119-scaled.png\",\"contentUrl\":\"https:\/\/www.dietetyk-ewaolkowska.pl\/wp-content\/uploads\/2025\/11\/Frame-119-scaled.png\",\"width\":2560,\"height\":2560,\"caption\":\"Ewa Olkowska\"},\"logo\":{\"@id\":\"https:\/\/www.dietetyk-ewaolkowska.pl\/#\/schema\/person\/image\/\"},\"sameAs\":[\"https:\/\/www.dietetyk-ewaolkowska.pl\"]}]}<\/script>\n<!-- \/ Yoast SEO plugin. -->","yoast_head_json":{"title":"O mnie - Ewa Olkowska \u2013 Dietetyk Kliniczny","robots":{"index":"index","follow":"follow","max-snippet":"max-snippet:-1","max-image-preview":"max-image-preview:large","max-video-preview":"max-video-preview:-1"},"canonical":"https:\/\/www.dietetyk-ewaolkowska.pl\/?page_id=85","og_locale":"pl_PL","og_type":"article","og_title":"O mnie - Ewa Olkowska \u2013 Dietetyk Kliniczny","og_description":"Cze\u015b\u0107, jestem Ewa Jestem dietetykiem i pomagam kobietom, kt\u00f3re zmagaj\u0105 si\u0119 z problemami hormonalnymi, dolegliwo\u015bciami jelitowymi, tr\u0105dzikiem hormonalnym oraz przewlek\u0142ym [&hellip;]","og_url":"https:\/\/www.dietetyk-ewaolkowska.pl\/?page_id=85","og_site_name":"Ewa Olkowska \u2013 Dietetyk Kliniczny","article_modified_time":"2026-04-06T19:31:05+00:00","og_image":[{"width":1707,"height":2560,"url":"https:\/\/www.dietetyk-ewaolkowska.pl\/wp-content\/uploads\/2025\/12\/3U5A8041-scaled.jpg","type":"image\/jpeg"}],"twitter_card":"summary_large_image","twitter_misc":{"Szacowany czas czytania":"2 minuty"},"schema":{"@context":"https:\/\/schema.org","@graph":[{"@type":"WebPage","@id":"https:\/\/www.dietetyk-ewaolkowska.pl\/?page_id=85","url":"https:\/\/www.dietetyk-ewaolkowska.pl\/?page_id=85","name":"O mnie - Ewa Olkowska \u2013 Dietetyk Kliniczny","isPartOf":{"@id":"https:\/\/www.dietetyk-ewaolkowska.pl\/#website"},"primaryImageOfPage":{"@id":"https:\/\/www.dietetyk-ewaolkowska.pl\/?page_id=85#primaryimage"},"image":{"@id":"https:\/\/www.dietetyk-ewaolkowska.pl\/?page_id=85#primaryimage"},"thumbnailUrl":"https:\/\/www.dietetyk-ewaolkowska.pl\/wp-content\/uploads\/2025\/12\/3U5A8041-scaled.jpg","datePublished":"2025-11-18T11:08:53+00:00","dateModified":"2026-04-06T19:31:05+00:00","breadcrumb":{"@id":"https:\/\/www.dietetyk-ewaolkowska.pl\/?page_id=85#breadcrumb"},"inLanguage":"pl-PL","potentialAction":[{"@type":"ReadAction","target":["https:\/\/www.dietetyk-ewaolkowska.pl\/?page_id=85"]}]},{"@type":"ImageObject","inLanguage":"pl-PL","@id":"https:\/\/www.dietetyk-ewaolkowska.pl\/?page_id=85#primaryimage","url":"https:\/\/www.dietetyk-ewaolkowska.pl\/wp-content\/uploads\/2025\/12\/3U5A8041-scaled.jpg","contentUrl":"https:\/\/www.dietetyk-ewaolkowska.pl\/wp-content\/uploads\/2025\/12\/3U5A8041-scaled.jpg","width":1707,"height":2560,"caption":"Evoto"},{"@type":"BreadcrumbList","@id":"https:\/\/www.dietetyk-ewaolkowska.pl\/?page_id=85#breadcrumb","itemListElement":[{"@type":"ListItem","position":1,"name":"Home","item":"https:\/\/www.dietetyk-ewaolkowska.pl\/"},{"@type":"ListItem","position":2,"name":"O mnie"}]},{"@type":"WebSite","@id":"https:\/\/www.dietetyk-ewaolkowska.pl\/#website","url":"https:\/\/www.dietetyk-ewaolkowska.pl\/","name":"Ewa Olkowska \u2013 Dietetyk Kliniczny","description":"Specjalistyczna pomoc dietetyczna, konsultacje online, plany \u017cywieniowe","publisher":{"@id":"https:\/\/www.dietetyk-ewaolkowska.pl\/#\/schema\/person\/073d039e231b388bb1603d466476c327"},"potentialAction":[{"@type":"SearchAction","target":{"@type":"EntryPoint","urlTemplate":"https:\/\/www.dietetyk-ewaolkowska.pl\/?s={search_term_string}"},"query-input":{"@type":"PropertyValueSpecification","valueRequired":true,"valueName":"search_term_string"}}],"inLanguage":"pl-PL"},{"@type":["Person","Organization"],"@id":"https:\/\/www.dietetyk-ewaolkowska.pl\/#\/schema\/person\/073d039e231b388bb1603d466476c327","name":"Ewa Olkowska","image":{"@type":"ImageObject","inLanguage":"pl-PL","@id":"https:\/\/www.dietetyk-ewaolkowska.pl\/#\/schema\/person\/image\/","url":"https:\/\/www.dietetyk-ewaolkowska.pl\/wp-content\/uploads\/2025\/11\/Frame-119-scaled.png","contentUrl":"https:\/\/www.dietetyk-ewaolkowska.pl\/wp-content\/uploads\/2025\/11\/Frame-119-scaled.png","width":2560,"height":2560,"caption":"Ewa Olkowska"},"logo":{"@id":"https:\/\/www.dietetyk-ewaolkowska.pl\/#\/schema\/person\/image\/"},"sameAs":["https:\/\/www.dietetyk-ewaolkowska.pl"]}]}},"jetpack_sharing_enabled":true,"_links":{"self":[{"href":"https:\/\/www.dietetyk-ewaolkowska.pl\/index.php?rest_route=\/wp\/v2\/pages\/85","targetHints":{"allow":["GET"]}}],"collection":[{"href":"https:\/\/www.dietetyk-ewaolkowska.pl\/index.php?rest_route=\/wp\/v2\/pages"}],"about":[{"href":"https:\/\/www.dietetyk-ewaolkowska.pl\/index.php?rest_route=\/wp\/v2\/types\/page"}],"author":[{"embeddable":true,"href":"https:\/\/www.dietetyk-ewaolkowska.pl\/index.php?rest_route=\/wp\/v2\/users\/1"}],"replies":[{"embeddable":true,"href":"https:\/\/www.dietetyk-ewaolkowska.pl\/index.php?rest_route=%2Fwp%2Fv2%2Fcomments&post=85"}],"version-history":[{"count":74,"href":"https:\/\/www.dietetyk-ewaolkowska.pl\/index.php?rest_route=\/wp\/v2\/pages\/85\/revisions"}],"predecessor-version":[{"id":887,"href":"https:\/\/www.dietetyk-ewaolkowska.pl\/index.php?rest_route=\/wp\/v2\/pages\/85\/revisions\/887"}],"wp:attachment":[{"href":"https:\/\/www.dietetyk-ewaolkowska.pl\/index.php?rest_route=%2Fwp%2Fv2%2Fmedia&parent=85"}],"curies":[{"name":"wp","href":"https:\/\/api.w.org\/{rel}","templated":true}]}}